{"id":1058,"date":"2022-06-27T14:49:33","date_gmt":"2022-06-27T12:49:33","guid":{"rendered":"https:\/\/valerie-piller-carrard.ch\/?page_id=1058"},"modified":"2022-06-28T15:12:46","modified_gmt":"2022-06-28T13:12:46","slug":"lebenslauf","status":"publish","type":"page","link":"https:\/\/valerie-piller-carrard.ch\/de\/lebenslauf\/","title":{"rendered":"Lebenslauf"},"content":{"rendered":"<p>Mein politischer und pers\u00f6nlicher Lebenslauf in wenigen Worten.<\/p>\n<p><a href=\"https:\/\/valerie-piller-carrard.ch\/de\/politischer-lebenslauf\/\">Politischer Lebenslauf<\/a><\/p>\n<p><a href=\"https:\/\/valerie-piller-carrard.ch\/de\/persoenlicher-lebenslauf\/\">Pers\u00f6nlicher Lebenslauf<\/a><\/p>\n","protected":false},"excerpt":{"rendered":"<p>Mein politischer und pers\u00f6nlicher Lebenslauf in wenigen Worten. Politischer Lebenslauf Pers\u00f6nlicher Lebenslauf<\/p>\n","protected":false},"author":196,"featured_media":0,"parent":0,"menu_order":2,"comment_status":"closed","ping_status":"closed","template":"","meta":{"footnotes":""},"class_list":["post-1058","page","type-page","status-publish","hentry"],"yoast_head":"<!-- This site is optimized with the Yoast SEO plugin v27.6 - https:\/\/yoast.com\/product\/yoast-seo-wordpress\/ -->\n<title>Lebenslauf - Val\u00e9rie Piller Carrard<\/title>\n<meta name=\"robots\" content=\"index, follow, max-snippet:-1, max-image-preview:large, max-video-preview:-1\" \/>\n<link rel=\"canonical\" href=\"https:\/\/valerie-piller-carrard.ch\/de\/lebenslauf\/\" \/>\n<meta property=\"og:locale\" content=\"de_DE\" \/>\n<meta property=\"og:type\" content=\"article\" \/>\n<meta property=\"og:title\" content=\"Lebenslauf - Val\u00e9rie Piller Carrard\" \/>\n<meta property=\"og:description\" content=\"Mein politischer und pers\u00f6nlicher Lebenslauf in wenigen Worten. Politischer Lebenslauf Pers\u00f6nlicher Lebenslauf\" \/>\n<meta property=\"og:url\" content=\"https:\/\/valerie-piller-carrard.ch\/de\/lebenslauf\/\" \/>\n<meta property=\"og:site_name\" content=\"Val\u00e9rie Piller Carrard\" \/>\n<meta property=\"article:modified_time\" content=\"2022-06-28T13:12:46+00:00\" \/>\n<meta name=\"twitter:card\" content=\"summary_large_image\" \/>\n<script type=\"application\/ld+json\" class=\"yoast-schema-graph\">{\"@context\":\"https:\\\/\\\/schema.org\",\"@graph\":[{\"@type\":\"WebPage\",\"@id\":\"https:\\\/\\\/valerie-piller-carrard.ch\\\/de\\\/lebenslauf\\\/\",\"url\":\"https:\\\/\\\/valerie-piller-carrard.ch\\\/de\\\/lebenslauf\\\/\",\"name\":\"Lebenslauf - Val\u00e9rie Piller Carrard\",\"isPartOf\":{\"@id\":\"https:\\\/\\\/valerie-piller-carrard.ch\\\/#website\"},\"datePublished\":\"2022-06-27T12:49:33+00:00\",\"dateModified\":\"2022-06-28T13:12:46+00:00\",\"breadcrumb\":{\"@id\":\"https:\\\/\\\/valerie-piller-carrard.ch\\\/de\\\/lebenslauf\\\/#breadcrumb\"},\"inLanguage\":\"de\",\"potentialAction\":[{\"@type\":\"ReadAction\",\"target\":[\"https:\\\/\\\/valerie-piller-carrard.ch\\\/de\\\/lebenslauf\\\/\"]}]},{\"@type\":\"BreadcrumbList\",\"@id\":\"https:\\\/\\\/valerie-piller-carrard.ch\\\/de\\\/lebenslauf\\\/#breadcrumb\",\"itemListElement\":[{\"@type\":\"ListItem\",\"position\":1,\"name\":\"Startseite\",\"item\":\"https:\\\/\\\/valerie-piller-carrard.ch\\\/de\\\/\"},{\"@type\":\"ListItem\",\"position\":2,\"name\":\"Lebenslauf\"}]},{\"@type\":\"WebSite\",\"@id\":\"https:\\\/\\\/valerie-piller-carrard.ch\\\/#website\",\"url\":\"https:\\\/\\\/valerie-piller-carrard.ch\\\/\",\"name\":\"Val\u00e9rie Piller Carrard\",\"description\":\"Nationalr\u00e4tin\",\"potentialAction\":[{\"@type\":\"SearchAction\",\"target\":{\"@type\":\"EntryPoint\",\"urlTemplate\":\"https:\\\/\\\/valerie-piller-carrard.ch\\\/?s={search_term_string}\"},\"query-input\":{\"@type\":\"PropertyValueSpecification\",\"valueRequired\":true,\"valueName\":\"search_term_string\"}}],\"inLanguage\":\"de\"}]}<\/script>\n<!-- \/ Yoast SEO plugin. -->","yoast_head_json":{"title":"Lebenslauf - Val\u00e9rie Piller Carrard","robots":{"index":"index","follow":"follow","max-snippet":"max-snippet:-1","max-image-preview":"max-image-preview:large","max-video-preview":"max-video-preview:-1"},"canonical":"https:\/\/valerie-piller-carrard.ch\/de\/lebenslauf\/","og_locale":"de_DE","og_type":"article","og_title":"Lebenslauf - Val\u00e9rie Piller Carrard","og_description":"Mein politischer und pers\u00f6nlicher Lebenslauf in wenigen Worten. Politischer Lebenslauf Pers\u00f6nlicher Lebenslauf","og_url":"https:\/\/valerie-piller-carrard.ch\/de\/lebenslauf\/","og_site_name":"Val\u00e9rie Piller Carrard","article_modified_time":"2022-06-28T13:12:46+00:00","twitter_card":"summary_large_image","schema":{"@context":"https:\/\/schema.org","@graph":[{"@type":"WebPage","@id":"https:\/\/valerie-piller-carrard.ch\/de\/lebenslauf\/","url":"https:\/\/valerie-piller-carrard.ch\/de\/lebenslauf\/","name":"Lebenslauf - Val\u00e9rie Piller Carrard","isPartOf":{"@id":"https:\/\/valerie-piller-carrard.ch\/#website"},"datePublished":"2022-06-27T12:49:33+00:00","dateModified":"2022-06-28T13:12:46+00:00","breadcrumb":{"@id":"https:\/\/valerie-piller-carrard.ch\/de\/lebenslauf\/#breadcrumb"},"inLanguage":"de","potentialAction":[{"@type":"ReadAction","target":["https:\/\/valerie-piller-carrard.ch\/de\/lebenslauf\/"]}]},{"@type":"BreadcrumbList","@id":"https:\/\/valerie-piller-carrard.ch\/de\/lebenslauf\/#breadcrumb","itemListElement":[{"@type":"ListItem","position":1,"name":"Startseite","item":"https:\/\/valerie-piller-carrard.ch\/de\/"},{"@type":"ListItem","position":2,"name":"Lebenslauf"}]},{"@type":"WebSite","@id":"https:\/\/valerie-piller-carrard.ch\/#website","url":"https:\/\/valerie-piller-carrard.ch\/","name":"Val\u00e9rie Piller Carrard","description":"Nationalr\u00e4tin","potentialAction":[{"@type":"SearchAction","target":{"@type":"EntryPoint","urlTemplate":"https:\/\/valerie-piller-carrard.ch\/?s={search_term_string}"},"query-input":{"@type":"PropertyValueSpecification","valueRequired":true,"valueName":"search_term_string"}}],"inLanguage":"de"}]}},"_links":{"self":[{"href":"https:\/\/valerie-piller-carrard.ch\/de\/wp-json\/wp\/v2\/pages\/1058","targetHints":{"allow":["GET"]}}],"collection":[{"href":"https:\/\/valerie-piller-carrard.ch\/de\/wp-json\/wp\/v2\/pages"}],"about":[{"href":"https:\/\/valerie-piller-carrard.ch\/de\/wp-json\/wp\/v2\/types\/page"}],"author":[{"embeddable":true,"href":"https:\/\/valerie-piller-carrard.ch\/de\/wp-json\/wp\/v2\/users\/196"}],"replies":[{"embeddable":true,"href":"https:\/\/valerie-piller-carrard.ch\/de\/wp-json\/wp\/v2\/comments?post=1058"}],"version-history":[{"count":2,"href":"https:\/\/valerie-piller-carrard.ch\/de\/wp-json\/wp\/v2\/pages\/1058\/revisions"}],"predecessor-version":[{"id":1066,"href":"https:\/\/valerie-piller-carrard.ch\/de\/wp-json\/wp\/v2\/pages\/1058\/revisions\/1066"}],"wp:attachment":[{"href":"https:\/\/valerie-piller-carrard.ch\/de\/wp-json\/wp\/v2\/media?parent=1058"}],"curies":[{"name":"wp","href":"https:\/\/api.w.org\/{rel}","templated":true}]}}