{"id":1212,"date":"2023-07-17T09:49:16","date_gmt":"2023-07-17T07:49:16","guid":{"rendered":"https:\/\/valerie-piller-carrard.ch\/?page_id=1212"},"modified":"2023-07-17T13:45:46","modified_gmt":"2023-07-17T11:45:46","slug":"mich-unterstutzen","status":"publish","type":"page","link":"https:\/\/valerie-piller-carrard.ch\/de\/mich-unterstutzen\/","title":{"rendered":"Mich unterst\u00fctzen"},"content":{"rendered":"<p>Wenn Sie meine Kampagne f\u00fcr die Wahl in den Nationalrat am 22. Oktober 2023 unterst\u00fctzen m\u00f6chten, k\u00f6nnen Sie eine Spende mit dem Vermerk &#8222;Val\u00e9rie au National&#8220; auf das folgende Konto \u00fcberweisen:<\/p>\n<p>&#8211; CH82 8080 8003 6947 8547 0<\/p>\n<p>&#8211; Raiffeisenbank Broye Vully Lacs<\/p>\n<p>&#8211; Sozialistische Partei der Broye<\/p>\n<p>&#8211; 1470 Estavayer-le-Lac<\/p>\n<p>Sie k\u00f6nnen mich auch auf andere Weise unterst\u00fctzen: indem Sie sich pers\u00f6nlich engagieren und etwas von Ihrer Zeit spenden! Die SP Broye sucht zum Beispiel Personen, die bereit sind, an bestimmten Tagen ihren Stand zu betreuen oder den Bahnhofsbenutzerinnen und -benutzern einen Caf\u00e9 Croissant anzubieten. Bei Interesse kontaktieren Sie mich bitte unter 079 290 23 67.<\/p>\n<p>Ein herzliches Dankesch\u00f6n f\u00fcr Ihre Unterst\u00fctzung!<\/p>\n","protected":false},"excerpt":{"rendered":"<p>Wenn Sie meine Kampagne f\u00fcr die Wahl in den Nationalrat am 22. Oktober 2023 unterst\u00fctzen m\u00f6chten, k\u00f6nnen Sie eine Spende mit dem Vermerk &#8222;Val\u00e9rie au&#8230;<\/p>\n","protected":false},"author":196,"featured_media":0,"parent":0,"menu_order":0,"comment_status":"closed","ping_status":"closed","template":"","meta":{"footnotes":""},"class_list":["post-1212","page","type-page","status-publish","hentry"],"yoast_head":"<!-- This site is optimized with the Yoast SEO plugin v27.6 - https:\/\/yoast.com\/product\/yoast-seo-wordpress\/ -->\n<title>Mich unterst\u00fctzen - Val\u00e9rie Piller Carrard<\/title>\n<meta name=\"robots\" content=\"index, follow, max-snippet:-1, max-image-preview:large, max-video-preview:-1\" \/>\n<link rel=\"canonical\" href=\"https:\/\/valerie-piller-carrard.ch\/de\/mich-unterstutzen\/\" \/>\n<meta property=\"og:locale\" content=\"de_DE\" \/>\n<meta property=\"og:type\" content=\"article\" \/>\n<meta property=\"og:title\" content=\"Mich unterst\u00fctzen - Val\u00e9rie Piller Carrard\" \/>\n<meta property=\"og:description\" content=\"Wenn Sie meine Kampagne f\u00fcr die Wahl in den Nationalrat am 22. Oktober 2023 unterst\u00fctzen m\u00f6chten, k\u00f6nnen Sie eine Spende mit dem Vermerk &#8222;Val\u00e9rie au...\" \/>\n<meta property=\"og:url\" content=\"https:\/\/valerie-piller-carrard.ch\/de\/mich-unterstutzen\/\" \/>\n<meta property=\"og:site_name\" content=\"Val\u00e9rie Piller Carrard\" \/>\n<meta property=\"article:modified_time\" content=\"2023-07-17T11:45:46+00:00\" \/>\n<meta name=\"twitter:card\" content=\"summary_large_image\" \/>\n<meta name=\"twitter:label1\" content=\"Gesch\u00e4tzte Lesezeit\" \/>\n\t<meta name=\"twitter:data1\" content=\"1\u00a0Minute\" \/>\n<script type=\"application\/ld+json\" class=\"yoast-schema-graph\">{\"@context\":\"https:\\\/\\\/schema.org\",\"@graph\":[{\"@type\":\"WebPage\",\"@id\":\"https:\\\/\\\/valerie-piller-carrard.ch\\\/de\\\/mich-unterstutzen\\\/\",\"url\":\"https:\\\/\\\/valerie-piller-carrard.ch\\\/de\\\/mich-unterstutzen\\\/\",\"name\":\"Mich unterst\u00fctzen - Val\u00e9rie Piller Carrard\",\"isPartOf\":{\"@id\":\"https:\\\/\\\/valerie-piller-carrard.ch\\\/#website\"},\"datePublished\":\"2023-07-17T07:49:16+00:00\",\"dateModified\":\"2023-07-17T11:45:46+00:00\",\"breadcrumb\":{\"@id\":\"https:\\\/\\\/valerie-piller-carrard.ch\\\/de\\\/mich-unterstutzen\\\/#breadcrumb\"},\"inLanguage\":\"de\",\"potentialAction\":[{\"@type\":\"ReadAction\",\"target\":[\"https:\\\/\\\/valerie-piller-carrard.ch\\\/de\\\/mich-unterstutzen\\\/\"]}]},{\"@type\":\"BreadcrumbList\",\"@id\":\"https:\\\/\\\/valerie-piller-carrard.ch\\\/de\\\/mich-unterstutzen\\\/#breadcrumb\",\"itemListElement\":[{\"@type\":\"ListItem\",\"position\":1,\"name\":\"Startseite\",\"item\":\"https:\\\/\\\/valerie-piller-carrard.ch\\\/de\\\/\"},{\"@type\":\"ListItem\",\"position\":2,\"name\":\"Mich unterst\u00fctzen\"}]},{\"@type\":\"WebSite\",\"@id\":\"https:\\\/\\\/valerie-piller-carrard.ch\\\/#website\",\"url\":\"https:\\\/\\\/valerie-piller-carrard.ch\\\/\",\"name\":\"Val\u00e9rie Piller Carrard\",\"description\":\"Nationalr\u00e4tin\",\"potentialAction\":[{\"@type\":\"SearchAction\",\"target\":{\"@type\":\"EntryPoint\",\"urlTemplate\":\"https:\\\/\\\/valerie-piller-carrard.ch\\\/?s={search_term_string}\"},\"query-input\":{\"@type\":\"PropertyValueSpecification\",\"valueRequired\":true,\"valueName\":\"search_term_string\"}}],\"inLanguage\":\"de\"}]}<\/script>\n<!-- \/ Yoast SEO plugin. -->","yoast_head_json":{"title":"Mich unterst\u00fctzen - Val\u00e9rie Piller Carrard","robots":{"index":"index","follow":"follow","max-snippet":"max-snippet:-1","max-image-preview":"max-image-preview:large","max-video-preview":"max-video-preview:-1"},"canonical":"https:\/\/valerie-piller-carrard.ch\/de\/mich-unterstutzen\/","og_locale":"de_DE","og_type":"article","og_title":"Mich unterst\u00fctzen - Val\u00e9rie Piller Carrard","og_description":"Wenn Sie meine Kampagne f\u00fcr die Wahl in den Nationalrat am 22. Oktober 2023 unterst\u00fctzen m\u00f6chten, k\u00f6nnen Sie eine Spende mit dem Vermerk &#8222;Val\u00e9rie au...","og_url":"https:\/\/valerie-piller-carrard.ch\/de\/mich-unterstutzen\/","og_site_name":"Val\u00e9rie Piller Carrard","article_modified_time":"2023-07-17T11:45:46+00:00","twitter_card":"summary_large_image","twitter_misc":{"Gesch\u00e4tzte Lesezeit":"1\u00a0Minute"},"schema":{"@context":"https:\/\/schema.org","@graph":[{"@type":"WebPage","@id":"https:\/\/valerie-piller-carrard.ch\/de\/mich-unterstutzen\/","url":"https:\/\/valerie-piller-carrard.ch\/de\/mich-unterstutzen\/","name":"Mich unterst\u00fctzen - Val\u00e9rie Piller Carrard","isPartOf":{"@id":"https:\/\/valerie-piller-carrard.ch\/#website"},"datePublished":"2023-07-17T07:49:16+00:00","dateModified":"2023-07-17T11:45:46+00:00","breadcrumb":{"@id":"https:\/\/valerie-piller-carrard.ch\/de\/mich-unterstutzen\/#breadcrumb"},"inLanguage":"de","potentialAction":[{"@type":"ReadAction","target":["https:\/\/valerie-piller-carrard.ch\/de\/mich-unterstutzen\/"]}]},{"@type":"BreadcrumbList","@id":"https:\/\/valerie-piller-carrard.ch\/de\/mich-unterstutzen\/#breadcrumb","itemListElement":[{"@type":"ListItem","position":1,"name":"Startseite","item":"https:\/\/valerie-piller-carrard.ch\/de\/"},{"@type":"ListItem","position":2,"name":"Mich unterst\u00fctzen"}]},{"@type":"WebSite","@id":"https:\/\/valerie-piller-carrard.ch\/#website","url":"https:\/\/valerie-piller-carrard.ch\/","name":"Val\u00e9rie Piller Carrard","description":"Nationalr\u00e4tin","potentialAction":[{"@type":"SearchAction","target":{"@type":"EntryPoint","urlTemplate":"https:\/\/valerie-piller-carrard.ch\/?s={search_term_string}"},"query-input":{"@type":"PropertyValueSpecification","valueRequired":true,"valueName":"search_term_string"}}],"inLanguage":"de"}]}},"_links":{"self":[{"href":"https:\/\/valerie-piller-carrard.ch\/de\/wp-json\/wp\/v2\/pages\/1212","targetHints":{"allow":["GET"]}}],"collection":[{"href":"https:\/\/valerie-piller-carrard.ch\/de\/wp-json\/wp\/v2\/pages"}],"about":[{"href":"https:\/\/valerie-piller-carrard.ch\/de\/wp-json\/wp\/v2\/types\/page"}],"author":[{"embeddable":true,"href":"https:\/\/valerie-piller-carrard.ch\/de\/wp-json\/wp\/v2\/users\/196"}],"replies":[{"embeddable":true,"href":"https:\/\/valerie-piller-carrard.ch\/de\/wp-json\/wp\/v2\/comments?post=1212"}],"version-history":[{"count":1,"href":"https:\/\/valerie-piller-carrard.ch\/de\/wp-json\/wp\/v2\/pages\/1212\/revisions"}],"predecessor-version":[{"id":1213,"href":"https:\/\/valerie-piller-carrard.ch\/de\/wp-json\/wp\/v2\/pages\/1212\/revisions\/1213"}],"wp:attachment":[{"href":"https:\/\/valerie-piller-carrard.ch\/de\/wp-json\/wp\/v2\/media?parent=1212"}],"curies":[{"name":"wp","href":"https:\/\/api.w.org\/{rel}","templated":true}]}}