{"id":13,"date":"2018-01-31T08:02:36","date_gmt":"2018-01-31T07:02:36","guid":{"rendered":"https:\/\/valerie-piller-carrard.ch\/willkommen\/"},"modified":"2023-11-13T15:42:08","modified_gmt":"2023-11-13T14:42:08","slug":"willkommen","status":"publish","type":"page","link":"https:\/\/valerie-piller-carrard.ch\/de\/","title":{"rendered":"Willkommen"},"content":{"rendered":"<p>Herzlich Willkommen auf meiner Webseite<\/p>\n<p>Herzlichen Dank f\u00fcr die 24\u2019923 Stimmen, die Sie mir bei den eidgen\u00f6ssischen Wahlen vom 22. Oktober 2023 gegeben haben. Indem Sie mir das gleiche Vertrauen wie bei den vorangegangenen Wahlen entgegenbringen, erlauben Sie mir, f\u00fcr ein viertes Mandat im Nationalrat neu zu starten.<\/p>\n<p>Im Bundeshaus werde ich weiterhin die Interessen der Freiburgerinnen und Freiburger vertreten, wobei ich mich weiterhin besonders um Familien und benachteiligte Menschen k\u00fcmmern werde. Angesichts wiederholter Angriffe der von individueller Verantwortung und Wirtschaft besessenen Rechten geht es auch darum, unseren Service Public zu sch\u00fctzen. Ein gut funktionierender Service Public ist in der Tat enorm wichtig f\u00fcr den sozialen Zusammenhalt unseres viersprachigen Landes.<\/p>\n<p>Ich engagiere mich aus \u00dcberzeugung f\u00fcr den Kampf gegen Armut, f\u00fcr eine moderne Familienpolitik und eine qualitativ hochwertige medizinische Versorgung aller zu einem erschwinglichen Preis.<\/p>\n<p>Z\u00f6gern Sie nicht, mit mir auszutauschen. Ich freue mich darauf<\/p>\n<p>Val\u00e9rie Piller Carrard<\/p>\n<p><img decoding=\"async\" class=\"alignright\" src=\"https:\/\/valerie-piller-carrard.ch\/wp-content\/uploads\/sites\/123\/2023\/07\/Soziale_Schweiz.png\" \/><\/p>\n","protected":false},"excerpt":{"rendered":"<p>Herzlich Willkommen auf meiner Webseite Herzlichen Dank f\u00fcr die 24\u2019923 Stimmen, die Sie mir bei den eidgen\u00f6ssischen Wahlen vom 22. Oktober 2023 gegeben haben. Indem&#8230;<\/p>\n","protected":false},"author":68,"featured_media":0,"parent":0,"menu_order":6,"comment_status":"closed","ping_status":"closed","template":"","meta":{"footnotes":""},"class_list":["post-13","page","type-page","status-publish","hentry"],"yoast_head":"<!-- This site is optimized with the Yoast SEO plugin v27.6 - https:\/\/yoast.com\/product\/yoast-seo-wordpress\/ -->\n<title>Willkommen - Val\u00e9rie Piller Carrard<\/title>\n<meta name=\"robots\" content=\"index, follow, max-snippet:-1, max-image-preview:large, max-video-preview:-1\" \/>\n<link rel=\"canonical\" href=\"https:\/\/valerie-piller-carrard.ch\/de\/\" \/>\n<meta property=\"og:locale\" content=\"de_DE\" \/>\n<meta property=\"og:type\" content=\"article\" \/>\n<meta property=\"og:title\" content=\"Willkommen - Val\u00e9rie Piller Carrard\" \/>\n<meta property=\"og:description\" content=\"Herzlich Willkommen auf meiner Webseite Herzlichen Dank f\u00fcr die 24\u2019923 Stimmen, die Sie mir bei den eidgen\u00f6ssischen Wahlen vom 22. Oktober 2023 gegeben haben. Indem...\" \/>\n<meta property=\"og:url\" content=\"https:\/\/valerie-piller-carrard.ch\/de\/\" \/>\n<meta property=\"og:site_name\" content=\"Val\u00e9rie Piller Carrard\" \/>\n<meta property=\"article:modified_time\" content=\"2023-11-13T14:42:08+00:00\" \/>\n<meta property=\"og:image\" content=\"https:\/\/valerie-piller-carrard.ch\/wp-content\/uploads\/sites\/123\/2023\/07\/Soziale_Schweiz.png\" \/>\n<meta name=\"twitter:card\" content=\"summary_large_image\" \/>\n<meta name=\"twitter:label1\" content=\"Gesch\u00e4tzte Lesezeit\" \/>\n\t<meta name=\"twitter:data1\" content=\"2\u00a0Minuten\" \/>\n<script type=\"application\/ld+json\" class=\"yoast-schema-graph\">{\"@context\":\"https:\\\/\\\/schema.org\",\"@graph\":[{\"@type\":\"WebPage\",\"@id\":\"https:\\\/\\\/valerie-piller-carrard.ch\\\/de\\\/\",\"url\":\"https:\\\/\\\/valerie-piller-carrard.ch\\\/de\\\/\",\"name\":\"Willkommen - Val\u00e9rie Piller Carrard\",\"isPartOf\":{\"@id\":\"https:\\\/\\\/valerie-piller-carrard.ch\\\/#website\"},\"primaryImageOfPage\":{\"@id\":\"https:\\\/\\\/valerie-piller-carrard.ch\\\/de\\\/#primaryimage\"},\"image\":{\"@id\":\"https:\\\/\\\/valerie-piller-carrard.ch\\\/de\\\/#primaryimage\"},\"thumbnailUrl\":\"https:\\\/\\\/valerie-piller-carrard.ch\\\/wp-content\\\/uploads\\\/sites\\\/123\\\/2023\\\/07\\\/Soziale_Schweiz.png\",\"datePublished\":\"2018-01-31T07:02:36+00:00\",\"dateModified\":\"2023-11-13T14:42:08+00:00\",\"breadcrumb\":{\"@id\":\"https:\\\/\\\/valerie-piller-carrard.ch\\\/de\\\/#breadcrumb\"},\"inLanguage\":\"de\",\"potentialAction\":[{\"@type\":\"ReadAction\",\"target\":[\"https:\\\/\\\/valerie-piller-carrard.ch\\\/de\\\/\"]}]},{\"@type\":\"ImageObject\",\"inLanguage\":\"de\",\"@id\":\"https:\\\/\\\/valerie-piller-carrard.ch\\\/de\\\/#primaryimage\",\"url\":\"https:\\\/\\\/valerie-piller-carrard.ch\\\/wp-content\\\/uploads\\\/sites\\\/123\\\/2023\\\/07\\\/Soziale_Schweiz.png\",\"contentUrl\":\"https:\\\/\\\/valerie-piller-carrard.ch\\\/wp-content\\\/uploads\\\/sites\\\/123\\\/2023\\\/07\\\/Soziale_Schweiz.png\"},{\"@type\":\"BreadcrumbList\",\"@id\":\"https:\\\/\\\/valerie-piller-carrard.ch\\\/de\\\/#breadcrumb\",\"itemListElement\":[{\"@type\":\"ListItem\",\"position\":1,\"name\":\"Startseite\",\"item\":\"https:\\\/\\\/valerie-piller-carrard.ch\\\/de\\\/\"},{\"@type\":\"ListItem\",\"position\":2,\"name\":\"Willkommen\"}]},{\"@type\":\"WebSite\",\"@id\":\"https:\\\/\\\/valerie-piller-carrard.ch\\\/#website\",\"url\":\"https:\\\/\\\/valerie-piller-carrard.ch\\\/\",\"name\":\"Val\u00e9rie Piller Carrard\",\"description\":\"Nationalr\u00e4tin\",\"potentialAction\":[{\"@type\":\"SearchAction\",\"target\":{\"@type\":\"EntryPoint\",\"urlTemplate\":\"https:\\\/\\\/valerie-piller-carrard.ch\\\/?s={search_term_string}\"},\"query-input\":{\"@type\":\"PropertyValueSpecification\",\"valueRequired\":true,\"valueName\":\"search_term_string\"}}],\"inLanguage\":\"de\"}]}<\/script>\n<!-- \/ Yoast SEO plugin. -->","yoast_head_json":{"title":"Willkommen - Val\u00e9rie Piller Carrard","robots":{"index":"index","follow":"follow","max-snippet":"max-snippet:-1","max-image-preview":"max-image-preview:large","max-video-preview":"max-video-preview:-1"},"canonical":"https:\/\/valerie-piller-carrard.ch\/de\/","og_locale":"de_DE","og_type":"article","og_title":"Willkommen - Val\u00e9rie Piller Carrard","og_description":"Herzlich Willkommen auf meiner Webseite Herzlichen Dank f\u00fcr die 24\u2019923 Stimmen, die Sie mir bei den eidgen\u00f6ssischen Wahlen vom 22. Oktober 2023 gegeben haben. Indem...","og_url":"https:\/\/valerie-piller-carrard.ch\/de\/","og_site_name":"Val\u00e9rie Piller Carrard","article_modified_time":"2023-11-13T14:42:08+00:00","og_image":[{"url":"https:\/\/valerie-piller-carrard.ch\/wp-content\/uploads\/sites\/123\/2023\/07\/Soziale_Schweiz.png","type":"","width":"","height":""}],"twitter_card":"summary_large_image","twitter_misc":{"Gesch\u00e4tzte Lesezeit":"2\u00a0Minuten"},"schema":{"@context":"https:\/\/schema.org","@graph":[{"@type":"WebPage","@id":"https:\/\/valerie-piller-carrard.ch\/de\/","url":"https:\/\/valerie-piller-carrard.ch\/de\/","name":"Willkommen - Val\u00e9rie Piller Carrard","isPartOf":{"@id":"https:\/\/valerie-piller-carrard.ch\/#website"},"primaryImageOfPage":{"@id":"https:\/\/valerie-piller-carrard.ch\/de\/#primaryimage"},"image":{"@id":"https:\/\/valerie-piller-carrard.ch\/de\/#primaryimage"},"thumbnailUrl":"https:\/\/valerie-piller-carrard.ch\/wp-content\/uploads\/sites\/123\/2023\/07\/Soziale_Schweiz.png","datePublished":"2018-01-31T07:02:36+00:00","dateModified":"2023-11-13T14:42:08+00:00","breadcrumb":{"@id":"https:\/\/valerie-piller-carrard.ch\/de\/#breadcrumb"},"inLanguage":"de","potentialAction":[{"@type":"ReadAction","target":["https:\/\/valerie-piller-carrard.ch\/de\/"]}]},{"@type":"ImageObject","inLanguage":"de","@id":"https:\/\/valerie-piller-carrard.ch\/de\/#primaryimage","url":"https:\/\/valerie-piller-carrard.ch\/wp-content\/uploads\/sites\/123\/2023\/07\/Soziale_Schweiz.png","contentUrl":"https:\/\/valerie-piller-carrard.ch\/wp-content\/uploads\/sites\/123\/2023\/07\/Soziale_Schweiz.png"},{"@type":"BreadcrumbList","@id":"https:\/\/valerie-piller-carrard.ch\/de\/#breadcrumb","itemListElement":[{"@type":"ListItem","position":1,"name":"Startseite","item":"https:\/\/valerie-piller-carrard.ch\/de\/"},{"@type":"ListItem","position":2,"name":"Willkommen"}]},{"@type":"WebSite","@id":"https:\/\/valerie-piller-carrard.ch\/#website","url":"https:\/\/valerie-piller-carrard.ch\/","name":"Val\u00e9rie Piller Carrard","description":"Nationalr\u00e4tin","potentialAction":[{"@type":"SearchAction","target":{"@type":"EntryPoint","urlTemplate":"https:\/\/valerie-piller-carrard.ch\/?s={search_term_string}"},"query-input":{"@type":"PropertyValueSpecification","valueRequired":true,"valueName":"search_term_string"}}],"inLanguage":"de"}]}},"_links":{"self":[{"href":"https:\/\/valerie-piller-carrard.ch\/de\/wp-json\/wp\/v2\/pages\/13","targetHints":{"allow":["GET"]}}],"collection":[{"href":"https:\/\/valerie-piller-carrard.ch\/de\/wp-json\/wp\/v2\/pages"}],"about":[{"href":"https:\/\/valerie-piller-carrard.ch\/de\/wp-json\/wp\/v2\/types\/page"}],"author":[{"embeddable":true,"href":"https:\/\/valerie-piller-carrard.ch\/de\/wp-json\/wp\/v2\/users\/68"}],"replies":[{"embeddable":true,"href":"https:\/\/valerie-piller-carrard.ch\/de\/wp-json\/wp\/v2\/comments?post=13"}],"version-history":[{"count":15,"href":"https:\/\/valerie-piller-carrard.ch\/de\/wp-json\/wp\/v2\/pages\/13\/revisions"}],"predecessor-version":[{"id":1296,"href":"https:\/\/valerie-piller-carrard.ch\/de\/wp-json\/wp\/v2\/pages\/13\/revisions\/1296"}],"wp:attachment":[{"href":"https:\/\/valerie-piller-carrard.ch\/de\/wp-json\/wp\/v2\/media?parent=13"}],"curies":[{"name":"wp","href":"https:\/\/api.w.org\/{rel}","templated":true}]}}