{"id":15,"date":"2018-01-31T08:22:03","date_gmt":"2018-01-31T07:22:03","guid":{"rendered":"https:\/\/valerie-piller-carrard.ch\/politischer-lebenslauf\/"},"modified":"2023-07-24T10:38:43","modified_gmt":"2023-07-24T08:38:43","slug":"politischer-lebenslauf","status":"publish","type":"page","link":"https:\/\/valerie-piller-carrard.ch\/de\/politischer-lebenslauf\/","title":{"rendered":"Politischer Lebenslauf"},"content":{"rendered":"<p>Meine Leidenschaft f\u00fcr die Politik ist sehr alt, sie interessierte mich n\u00e4mlich schon in der Schulzeit und vor allem im Staatskundeunterricht. Die Politik entspricht auch meinem Temperament einer aktiven Person, die lieber handelt als nur passiv vor sich hin zu brummen.<\/p>\n<p>Das Gef\u00fchl der Ungerechtigkeiten die zu den Ungleichheiten f\u00fchren hat mich zum Beispiel schon dazu veranlasst, gegen Diskriminierungen gewisser Minderheiten zu k\u00e4mpfen. Als Kind hatte ich auch schon pers\u00f6nlich in meiner Familie die Erfahrung gemacht, dass Eltern, die den ganzen Tag 100% schuften M\u00fche haben, am Monatsende \u00fcber die Runden zu kommen. Dazu ohne eine Aussicht auf eine bessere Rente!<\/p>\n<p>Mein \u00f6ffentliches Engagement hat zun\u00e4chst in Gletterens mit Verbandst\u00e4tigkeiten begonnen (seit 1995 als Mitglied und sp\u00e4ter Pr\u00e4sidentin der Jugendgesellschaft, des Hockeyverbandes, usw.) und schliesslich in politische Aktivit\u00e4ten gef\u00fchrt. Nach einem ersten Misserfolg bei den Gemeindewahlen von 2001 habe ich mich nicht entmutigen lassen und mich im gleichen Jahr auf die SP Liste f\u00fcr den Grossrat setzen lassen. So wurde ich mit 23 Jahren in die kantonale Legislative gew\u00e4hlt.<\/p>\n<p>Zwischen 2004 und 2008 habe ich zun\u00e4chst als Gemeinder\u00e4tin und sp\u00e4ter als Pr\u00e4sidentin in der Exekutive von Gletterens bis zu meinem Umzug nach Font gearbeitet. Dann wurde auch mein erstes Kind geboren.<\/p>\n<p>Nach 10 Jahren im Grossen Rat wurde ich 2011 als SP Nationalr\u00e4tin des Kanton Freiburg gew\u00e4hlt, dann 2015 und 2019 wiedergew\u00e4hlt. Nach einigen Jahren in der Gesch\u00e4ftspr\u00fcfungskommission und der Staatspolitischen Kommission des Nationalrats sitze ich nun in der Kommission f\u00fcr Verkehr und Fernmeldewesen sowie in der Kommission f\u00fcr Wissenschaft, Bildung und Kultur.<\/p>\n<p>Neben meinem Mandat als Bundesparlamentarierin, das gut 70% meiner Zeit in Anspruch nimmt, bin ich Vizepr\u00e4sidentin der Sozialdemokratischen Partei der Schweiz sowie Pr\u00e4sidentin von Pro Familia Schweiz und Pro Familia Freiburg.<\/p>\n","protected":false},"excerpt":{"rendered":"<p>Meine Leidenschaft f\u00fcr die Politik ist sehr alt, sie interessierte mich n\u00e4mlich schon in der Schulzeit und vor allem im Staatskundeunterricht. Die Politik entspricht auch&#8230;<\/p>\n","protected":false},"author":68,"featured_media":0,"parent":0,"menu_order":0,"comment_status":"closed","ping_status":"closed","template":"","meta":{"footnotes":""},"class_list":["post-15","page","type-page","status-publish","hentry"],"yoast_head":"<!-- This site is optimized with the Yoast SEO plugin v27.6 - https:\/\/yoast.com\/product\/yoast-seo-wordpress\/ -->\n<title>Politischer Lebenslauf - Val\u00e9rie Piller Carrard<\/title>\n<meta name=\"robots\" content=\"index, follow, max-snippet:-1, max-image-preview:large, max-video-preview:-1\" \/>\n<link rel=\"canonical\" href=\"https:\/\/valerie-piller-carrard.ch\/de\/politischer-lebenslauf\/\" \/>\n<meta property=\"og:locale\" content=\"de_DE\" \/>\n<meta property=\"og:type\" content=\"article\" \/>\n<meta property=\"og:title\" content=\"Politischer Lebenslauf - Val\u00e9rie Piller Carrard\" \/>\n<meta property=\"og:description\" content=\"Meine Leidenschaft f\u00fcr die Politik ist sehr alt, sie interessierte mich n\u00e4mlich schon in der Schulzeit und vor allem im Staatskundeunterricht. Die Politik entspricht auch...\" \/>\n<meta property=\"og:url\" content=\"https:\/\/valerie-piller-carrard.ch\/de\/politischer-lebenslauf\/\" \/>\n<meta property=\"og:site_name\" content=\"Val\u00e9rie Piller Carrard\" \/>\n<meta property=\"article:modified_time\" content=\"2023-07-24T08:38:43+00:00\" \/>\n<meta name=\"twitter:card\" content=\"summary_large_image\" \/>\n<meta name=\"twitter:label1\" content=\"Gesch\u00e4tzte Lesezeit\" \/>\n\t<meta name=\"twitter:data1\" content=\"2\u00a0Minuten\" \/>\n<script type=\"application\/ld+json\" class=\"yoast-schema-graph\">{\"@context\":\"https:\\\/\\\/schema.org\",\"@graph\":[{\"@type\":\"WebPage\",\"@id\":\"https:\\\/\\\/valerie-piller-carrard.ch\\\/de\\\/politischer-lebenslauf\\\/\",\"url\":\"https:\\\/\\\/valerie-piller-carrard.ch\\\/de\\\/politischer-lebenslauf\\\/\",\"name\":\"Politischer Lebenslauf - Val\u00e9rie Piller Carrard\",\"isPartOf\":{\"@id\":\"https:\\\/\\\/valerie-piller-carrard.ch\\\/#website\"},\"datePublished\":\"2018-01-31T07:22:03+00:00\",\"dateModified\":\"2023-07-24T08:38:43+00:00\",\"breadcrumb\":{\"@id\":\"https:\\\/\\\/valerie-piller-carrard.ch\\\/de\\\/politischer-lebenslauf\\\/#breadcrumb\"},\"inLanguage\":\"de\",\"potentialAction\":[{\"@type\":\"ReadAction\",\"target\":[\"https:\\\/\\\/valerie-piller-carrard.ch\\\/de\\\/politischer-lebenslauf\\\/\"]}]},{\"@type\":\"BreadcrumbList\",\"@id\":\"https:\\\/\\\/valerie-piller-carrard.ch\\\/de\\\/politischer-lebenslauf\\\/#breadcrumb\",\"itemListElement\":[{\"@type\":\"ListItem\",\"position\":1,\"name\":\"Startseite\",\"item\":\"https:\\\/\\\/valerie-piller-carrard.ch\\\/de\\\/\"},{\"@type\":\"ListItem\",\"position\":2,\"name\":\"Politischer Lebenslauf\"}]},{\"@type\":\"WebSite\",\"@id\":\"https:\\\/\\\/valerie-piller-carrard.ch\\\/#website\",\"url\":\"https:\\\/\\\/valerie-piller-carrard.ch\\\/\",\"name\":\"Val\u00e9rie Piller Carrard\",\"description\":\"Nationalr\u00e4tin\",\"potentialAction\":[{\"@type\":\"SearchAction\",\"target\":{\"@type\":\"EntryPoint\",\"urlTemplate\":\"https:\\\/\\\/valerie-piller-carrard.ch\\\/?s={search_term_string}\"},\"query-input\":{\"@type\":\"PropertyValueSpecification\",\"valueRequired\":true,\"valueName\":\"search_term_string\"}}],\"inLanguage\":\"de\"}]}<\/script>\n<!-- \/ Yoast SEO plugin. -->","yoast_head_json":{"title":"Politischer Lebenslauf - Val\u00e9rie Piller Carrard","robots":{"index":"index","follow":"follow","max-snippet":"max-snippet:-1","max-image-preview":"max-image-preview:large","max-video-preview":"max-video-preview:-1"},"canonical":"https:\/\/valerie-piller-carrard.ch\/de\/politischer-lebenslauf\/","og_locale":"de_DE","og_type":"article","og_title":"Politischer Lebenslauf - Val\u00e9rie Piller Carrard","og_description":"Meine Leidenschaft f\u00fcr die Politik ist sehr alt, sie interessierte mich n\u00e4mlich schon in der Schulzeit und vor allem im Staatskundeunterricht. Die Politik entspricht auch...","og_url":"https:\/\/valerie-piller-carrard.ch\/de\/politischer-lebenslauf\/","og_site_name":"Val\u00e9rie Piller Carrard","article_modified_time":"2023-07-24T08:38:43+00:00","twitter_card":"summary_large_image","twitter_misc":{"Gesch\u00e4tzte Lesezeit":"2\u00a0Minuten"},"schema":{"@context":"https:\/\/schema.org","@graph":[{"@type":"WebPage","@id":"https:\/\/valerie-piller-carrard.ch\/de\/politischer-lebenslauf\/","url":"https:\/\/valerie-piller-carrard.ch\/de\/politischer-lebenslauf\/","name":"Politischer Lebenslauf - Val\u00e9rie Piller Carrard","isPartOf":{"@id":"https:\/\/valerie-piller-carrard.ch\/#website"},"datePublished":"2018-01-31T07:22:03+00:00","dateModified":"2023-07-24T08:38:43+00:00","breadcrumb":{"@id":"https:\/\/valerie-piller-carrard.ch\/de\/politischer-lebenslauf\/#breadcrumb"},"inLanguage":"de","potentialAction":[{"@type":"ReadAction","target":["https:\/\/valerie-piller-carrard.ch\/de\/politischer-lebenslauf\/"]}]},{"@type":"BreadcrumbList","@id":"https:\/\/valerie-piller-carrard.ch\/de\/politischer-lebenslauf\/#breadcrumb","itemListElement":[{"@type":"ListItem","position":1,"name":"Startseite","item":"https:\/\/valerie-piller-carrard.ch\/de\/"},{"@type":"ListItem","position":2,"name":"Politischer Lebenslauf"}]},{"@type":"WebSite","@id":"https:\/\/valerie-piller-carrard.ch\/#website","url":"https:\/\/valerie-piller-carrard.ch\/","name":"Val\u00e9rie Piller Carrard","description":"Nationalr\u00e4tin","potentialAction":[{"@type":"SearchAction","target":{"@type":"EntryPoint","urlTemplate":"https:\/\/valerie-piller-carrard.ch\/?s={search_term_string}"},"query-input":{"@type":"PropertyValueSpecification","valueRequired":true,"valueName":"search_term_string"}}],"inLanguage":"de"}]}},"_links":{"self":[{"href":"https:\/\/valerie-piller-carrard.ch\/de\/wp-json\/wp\/v2\/pages\/15","targetHints":{"allow":["GET"]}}],"collection":[{"href":"https:\/\/valerie-piller-carrard.ch\/de\/wp-json\/wp\/v2\/pages"}],"about":[{"href":"https:\/\/valerie-piller-carrard.ch\/de\/wp-json\/wp\/v2\/types\/page"}],"author":[{"embeddable":true,"href":"https:\/\/valerie-piller-carrard.ch\/de\/wp-json\/wp\/v2\/users\/68"}],"replies":[{"embeddable":true,"href":"https:\/\/valerie-piller-carrard.ch\/de\/wp-json\/wp\/v2\/comments?post=15"}],"version-history":[{"count":5,"href":"https:\/\/valerie-piller-carrard.ch\/de\/wp-json\/wp\/v2\/pages\/15\/revisions"}],"predecessor-version":[{"id":1237,"href":"https:\/\/valerie-piller-carrard.ch\/de\/wp-json\/wp\/v2\/pages\/15\/revisions\/1237"}],"wp:attachment":[{"href":"https:\/\/valerie-piller-carrard.ch\/de\/wp-json\/wp\/v2\/media?parent=15"}],"curies":[{"name":"wp","href":"https:\/\/api.w.org\/{rel}","templated":true}]}}