{"id":16,"date":"2018-01-31T08:42:24","date_gmt":"2018-01-31T07:42:24","guid":{"rendered":"https:\/\/valerie-piller-carrard.ch\/kommissionen\/"},"modified":"2018-01-31T08:42:24","modified_gmt":"2018-01-31T07:42:24","slug":"kommissionen","status":"publish","type":"page","link":"https:\/\/valerie-piller-carrard.ch\/de\/kommissionen\/","title":{"rendered":"Kommissionen"},"content":{"rendered":"<ul>\n<li>Gesch\u00e4ftspr\u00fcfungskommission: die GPK pr\u00fcft die Gesch\u00e4ftsf\u00fchrung des Bundesrates, der Bundesverwaltung und weiterer Tr\u00e4ger von Bundesaufgaben mittelst Inspektionen, Abkl\u00e4rungen, Behandlung von Jahres- und Gesch\u00e4ftsberichten (insbesondere des Bundesrates und der eidgen\u00f6ssischen Gerichte). Als\u00a0\u00dcberwachungsorgan der h\u00f6chsten staatlichen Instanzen ist die GPK noch mehr der Vertraulichkeit verpflichtet als die Sachbereichskommissionen.<\/li>\n<\/ul>\n<ul>\n<li>Staatspolitische Kommission (seit 2015): die SPK besch\u00e4ftigt mit Themen wie Gewaltentrennung, die Verteilung der Aufgaben zwischen der Bundesversammlung und dem Bundesrat, zwischen dem Bund und den Kantonen, die politische Rechte, die Rolle des Staates bei der Bildung der \u00f6ffentlichen Meinung, die Rechte der B\u00fcrger, das Ausl\u00e4nder und Asylrecht, der Datenschutz sowie das Verh\u00e4ltnis zwischen Kirche und Staat.<\/li>\n<\/ul>\n<ul>\n<li>Begnadigungskommission (seit 2011): diese Kommission ist f\u00fcr die Begnadigungen in Bezug auf vom Bundesstrafgericht oder von einer Bundesbeh\u00f6rde ausgesprochene Urteile sowie auf Urteile des Bundesgerichts betreffend Milit\u00e4rstrafrechtliche Verfahren verantwortlich. Nachdem der Bundesrat die Eingabe gepr\u00fcft und eine Empfehlung verabschiedet hat, pr\u00fcft die Kommission die Eingabe und leitet sie dann an die Bundesversammlung f\u00fcr einen definitiven Entscheid mit einer Empfehlung weiter.<\/li>\n<\/ul>\n<p>\u00a0<\/p>\n<p><u>Ehemalige Kommissionen:<\/u><\/p>\n<ul>\n<li>Kommission f\u00fcr Verkehr und Fernmeldewesen (2013-2015): die KVF behandelt sehr verschiedene Themen, wie die \u00f6ffentliche Verkehrspolitik und Strassenpolitik, (braucht es eine zweite Gotthardr\u00f6hre?), die Post, Swisscom oder auch die SRG.<\/li>\n<li>Gesch\u00e4ftspr\u00fcfungskommission (2011-2013).<\/li>\n<\/ul>\n","protected":false},"excerpt":{"rendered":"<p>Gesch\u00e4ftspr\u00fcfungskommission: die GPK pr\u00fcft die Gesch\u00e4ftsf\u00fchrung des Bundesrates, der Bundesverwaltung und weiterer Tr\u00e4ger von Bundesaufgaben mittelst Inspektionen, Abkl\u00e4rungen, Behandlung von Jahres- und Gesch\u00e4ftsberichten (insbesondere des&#8230;<\/p>\n","protected":false},"author":68,"featured_media":0,"parent":0,"menu_order":0,"comment_status":"closed","ping_status":"closed","template":"","meta":{"footnotes":""},"class_list":["post-16","page","type-page","status-publish","hentry"],"yoast_head":"<!-- This site is optimized with the Yoast SEO plugin v27.6 - https:\/\/yoast.com\/product\/yoast-seo-wordpress\/ -->\n<title>Kommissionen - Val\u00e9rie Piller Carrard<\/title>\n<meta name=\"robots\" content=\"index, follow, max-snippet:-1, max-image-preview:large, max-video-preview:-1\" \/>\n<link rel=\"canonical\" href=\"https:\/\/valerie-piller-carrard.ch\/de\/kommissionen\/\" \/>\n<meta property=\"og:locale\" content=\"de_DE\" \/>\n<meta property=\"og:type\" content=\"article\" \/>\n<meta property=\"og:title\" content=\"Kommissionen - Val\u00e9rie Piller Carrard\" \/>\n<meta property=\"og:description\" content=\"Gesch\u00e4ftspr\u00fcfungskommission: die GPK pr\u00fcft die Gesch\u00e4ftsf\u00fchrung des Bundesrates, der Bundesverwaltung und weiterer Tr\u00e4ger von Bundesaufgaben mittelst Inspektionen, Abkl\u00e4rungen, Behandlung von Jahres- und Gesch\u00e4ftsberichten (insbesondere des...\" \/>\n<meta property=\"og:url\" content=\"https:\/\/valerie-piller-carrard.ch\/de\/kommissionen\/\" \/>\n<meta property=\"og:site_name\" content=\"Val\u00e9rie Piller Carrard\" \/>\n<meta name=\"twitter:card\" content=\"summary_large_image\" \/>\n<meta name=\"twitter:label1\" content=\"Gesch\u00e4tzte Lesezeit\" \/>\n\t<meta name=\"twitter:data1\" content=\"1\u00a0Minute\" \/>\n<script type=\"application\/ld+json\" class=\"yoast-schema-graph\">{\"@context\":\"https:\\\/\\\/schema.org\",\"@graph\":[{\"@type\":\"WebPage\",\"@id\":\"https:\\\/\\\/valerie-piller-carrard.ch\\\/de\\\/kommissionen\\\/\",\"url\":\"https:\\\/\\\/valerie-piller-carrard.ch\\\/de\\\/kommissionen\\\/\",\"name\":\"Kommissionen - Val\u00e9rie Piller Carrard\",\"isPartOf\":{\"@id\":\"https:\\\/\\\/valerie-piller-carrard.ch\\\/#website\"},\"datePublished\":\"2018-01-31T07:42:24+00:00\",\"breadcrumb\":{\"@id\":\"https:\\\/\\\/valerie-piller-carrard.ch\\\/de\\\/kommissionen\\\/#breadcrumb\"},\"inLanguage\":\"de\",\"potentialAction\":[{\"@type\":\"ReadAction\",\"target\":[\"https:\\\/\\\/valerie-piller-carrard.ch\\\/de\\\/kommissionen\\\/\"]}]},{\"@type\":\"BreadcrumbList\",\"@id\":\"https:\\\/\\\/valerie-piller-carrard.ch\\\/de\\\/kommissionen\\\/#breadcrumb\",\"itemListElement\":[{\"@type\":\"ListItem\",\"position\":1,\"name\":\"Startseite\",\"item\":\"https:\\\/\\\/valerie-piller-carrard.ch\\\/de\\\/\"},{\"@type\":\"ListItem\",\"position\":2,\"name\":\"Kommissionen\"}]},{\"@type\":\"WebSite\",\"@id\":\"https:\\\/\\\/valerie-piller-carrard.ch\\\/#website\",\"url\":\"https:\\\/\\\/valerie-piller-carrard.ch\\\/\",\"name\":\"Val\u00e9rie Piller Carrard\",\"description\":\"Nationalr\u00e4tin\",\"potentialAction\":[{\"@type\":\"SearchAction\",\"target\":{\"@type\":\"EntryPoint\",\"urlTemplate\":\"https:\\\/\\\/valerie-piller-carrard.ch\\\/?s={search_term_string}\"},\"query-input\":{\"@type\":\"PropertyValueSpecification\",\"valueRequired\":true,\"valueName\":\"search_term_string\"}}],\"inLanguage\":\"de\"}]}<\/script>\n<!-- \/ Yoast SEO plugin. -->","yoast_head_json":{"title":"Kommissionen - Val\u00e9rie Piller Carrard","robots":{"index":"index","follow":"follow","max-snippet":"max-snippet:-1","max-image-preview":"max-image-preview:large","max-video-preview":"max-video-preview:-1"},"canonical":"https:\/\/valerie-piller-carrard.ch\/de\/kommissionen\/","og_locale":"de_DE","og_type":"article","og_title":"Kommissionen - Val\u00e9rie Piller Carrard","og_description":"Gesch\u00e4ftspr\u00fcfungskommission: die GPK pr\u00fcft die Gesch\u00e4ftsf\u00fchrung des Bundesrates, der Bundesverwaltung und weiterer Tr\u00e4ger von Bundesaufgaben mittelst Inspektionen, Abkl\u00e4rungen, Behandlung von Jahres- und Gesch\u00e4ftsberichten (insbesondere des...","og_url":"https:\/\/valerie-piller-carrard.ch\/de\/kommissionen\/","og_site_name":"Val\u00e9rie Piller Carrard","twitter_card":"summary_large_image","twitter_misc":{"Gesch\u00e4tzte Lesezeit":"1\u00a0Minute"},"schema":{"@context":"https:\/\/schema.org","@graph":[{"@type":"WebPage","@id":"https:\/\/valerie-piller-carrard.ch\/de\/kommissionen\/","url":"https:\/\/valerie-piller-carrard.ch\/de\/kommissionen\/","name":"Kommissionen - Val\u00e9rie Piller Carrard","isPartOf":{"@id":"https:\/\/valerie-piller-carrard.ch\/#website"},"datePublished":"2018-01-31T07:42:24+00:00","breadcrumb":{"@id":"https:\/\/valerie-piller-carrard.ch\/de\/kommissionen\/#breadcrumb"},"inLanguage":"de","potentialAction":[{"@type":"ReadAction","target":["https:\/\/valerie-piller-carrard.ch\/de\/kommissionen\/"]}]},{"@type":"BreadcrumbList","@id":"https:\/\/valerie-piller-carrard.ch\/de\/kommissionen\/#breadcrumb","itemListElement":[{"@type":"ListItem","position":1,"name":"Startseite","item":"https:\/\/valerie-piller-carrard.ch\/de\/"},{"@type":"ListItem","position":2,"name":"Kommissionen"}]},{"@type":"WebSite","@id":"https:\/\/valerie-piller-carrard.ch\/#website","url":"https:\/\/valerie-piller-carrard.ch\/","name":"Val\u00e9rie Piller Carrard","description":"Nationalr\u00e4tin","potentialAction":[{"@type":"SearchAction","target":{"@type":"EntryPoint","urlTemplate":"https:\/\/valerie-piller-carrard.ch\/?s={search_term_string}"},"query-input":{"@type":"PropertyValueSpecification","valueRequired":true,"valueName":"search_term_string"}}],"inLanguage":"de"}]}},"_links":{"self":[{"href":"https:\/\/valerie-piller-carrard.ch\/de\/wp-json\/wp\/v2\/pages\/16","targetHints":{"allow":["GET"]}}],"collection":[{"href":"https:\/\/valerie-piller-carrard.ch\/de\/wp-json\/wp\/v2\/pages"}],"about":[{"href":"https:\/\/valerie-piller-carrard.ch\/de\/wp-json\/wp\/v2\/types\/page"}],"author":[{"embeddable":true,"href":"https:\/\/valerie-piller-carrard.ch\/de\/wp-json\/wp\/v2\/users\/68"}],"replies":[{"embeddable":true,"href":"https:\/\/valerie-piller-carrard.ch\/de\/wp-json\/wp\/v2\/comments?post=16"}],"version-history":[{"count":0,"href":"https:\/\/valerie-piller-carrard.ch\/de\/wp-json\/wp\/v2\/pages\/16\/revisions"}],"wp:attachment":[{"href":"https:\/\/valerie-piller-carrard.ch\/de\/wp-json\/wp\/v2\/media?parent=16"}],"curies":[{"name":"wp","href":"https:\/\/api.w.org\/{rel}","templated":true}]}}